{"id":6554,"date":"2022-05-02T08:12:43","date_gmt":"2022-05-02T06:12:43","guid":{"rendered":"https:\/\/mistelbach.vinoq.at\/poptavka-dekujeme\/"},"modified":"2023-07-27T13:29:17","modified_gmt":"2023-07-27T11:29:17","slug":"poptavka_dekujeme","status":"publish","type":"page","link":"https:\/\/mistelbach.vinoq.at\/cs\/poptavka_dekujeme\/","title":{"rendered":"Popt\u00e1vka &#8211; D\u011bkujeme"},"content":{"rendered":"\t\t<div data-elementor-type=\"wp-post\" data-elementor-id=\"6554\" class=\"elementor elementor-6554 elementor-5055\">\n\t\t\t\t\t\t<section class=\"elementor-section elementor-top-section elementor-element elementor-element-3988e58 wgl-add-background-text elementor-section-boxed elementor-section-height-default elementor-section-height-default wgl-animation-background-text\" data-id=\"3988e58\" data-element_type=\"section\" data-e-type=\"section\">\n\t\t\t\t\t\t<div class=\"elementor-container elementor-column-gap-default\">\n\t\t\t\t\t<div class=\"elementor-column elementor-col-100 elementor-top-column elementor-element elementor-element-8b9522f\" data-id=\"8b9522f\" data-element_type=\"column\" data-e-type=\"column\">\n\t\t\t<div class=\"elementor-widget-wrap elementor-element-populated\">\n\t\t\t\t\t\t<div class=\"elementor-element elementor-element-95541a4 elementor-widget elementor-widget-spacer\" data-id=\"95541a4\" data-element_type=\"widget\" data-e-type=\"widget\" data-widget_type=\"spacer.default\">\n\t\t\t\t<div class=\"elementor-widget-container\">\n\t\t\t\t\t\t\t<div class=\"elementor-spacer\">\n\t\t\t<div class=\"elementor-spacer-inner\"><\/div>\n\t\t<\/div>\n\t\t\t\t\t\t<\/div>\n\t\t\t\t<\/div>\n\t\t\t\t\t<\/div>\n\t\t<\/div>\n\t\t\t\t\t<\/div>\n\t\t<\/section>\n\t\t\t\t<section class=\"elementor-section elementor-top-section elementor-element elementor-element-e36d1cf elementor-section-boxed elementor-section-height-default elementor-section-height-default\" data-id=\"e36d1cf\" data-element_type=\"section\" data-e-type=\"section\" data-settings=\"{&quot;background_background&quot;:&quot;classic&quot;}\">\n\t\t\t\t\t\t<div class=\"elementor-container elementor-column-gap-default\">\n\t\t\t\t\t<div class=\"elementor-column elementor-col-100 elementor-top-column elementor-element elementor-element-3a6b21d\" data-id=\"3a6b21d\" data-element_type=\"column\" data-e-type=\"column\">\n\t\t\t<div class=\"elementor-widget-wrap elementor-element-populated\">\n\t\t\t\t\t\t<div class=\"elementor-element elementor-element-8303ab3 elementor-widget elementor-widget-spacer\" data-id=\"8303ab3\" data-element_type=\"widget\" data-e-type=\"widget\" data-widget_type=\"spacer.default\">\n\t\t\t\t<div class=\"elementor-widget-container\">\n\t\t\t\t\t\t\t<div class=\"elementor-spacer\">\n\t\t\t<div class=\"elementor-spacer-inner\"><\/div>\n\t\t<\/div>\n\t\t\t\t\t\t<\/div>\n\t\t\t\t<\/div>\n\t\t\t\t<div class=\"elementor-element elementor-element-ce42f11 elementor-widget elementor-widget-heading\" data-id=\"ce42f11\" data-element_type=\"widget\" data-e-type=\"widget\" data-widget_type=\"heading.default\">\n\t\t\t\t<div class=\"elementor-widget-container\">\n\t\t\t\t\t<h2 class=\"elementor-heading-title elementor-size-default\">T\u011b\u0161\u00ed n\u00e1s,<\/h2>\t\t\t\t<\/div>\n\t\t\t\t<\/div>\n\t\t\t\t<div class=\"elementor-element elementor-element-5acabfe elementor-widget elementor-widget-heading\" data-id=\"5acabfe\" data-element_type=\"widget\" data-e-type=\"widget\" data-widget_type=\"heading.default\">\n\t\t\t\t<div class=\"elementor-widget-container\">\n\t\t\t\t\t<h3 class=\"elementor-heading-title elementor-size-default\">\u017ee chcete p\u0159ijet<\/h3>\t\t\t\t<\/div>\n\t\t\t\t<\/div>\n\t\t\t\t<div class=\"elementor-element elementor-element-03a3d5a elementor-widget elementor-widget-spacer\" data-id=\"03a3d5a\" data-element_type=\"widget\" data-e-type=\"widget\" data-widget_type=\"spacer.default\">\n\t\t\t\t<div class=\"elementor-widget-container\">\n\t\t\t\t\t\t\t<div class=\"elementor-spacer\">\n\t\t\t<div class=\"elementor-spacer-inner\"><\/div>\n\t\t<\/div>\n\t\t\t\t\t\t<\/div>\n\t\t\t\t<\/div>\n\t\t\t\t<div class=\"elementor-element elementor-element-ba2106d elementor-widget elementor-widget-text-editor\" data-id=\"ba2106d\" data-element_type=\"widget\" data-e-type=\"widget\" data-widget_type=\"text-editor.default\">\n\t\t\t\t<div class=\"elementor-widget-container\">\n\t\t\t\t\t\t\t\t\t<p><strong>D\u011bkujeme za va\u0161i popt\u00e1vku pobytu!<\/strong><\/p>\n<p>Obdr\u017eeli jsme va\u0161i \u017e\u00e1dost o rezervaci a zkontrolujeme, zda jsou k dispozici voln\u00e9 pokoje. Ozveme se v\u00e1m obratem zp\u011bt.<\/p>\n<p>V\u00e1\u0161 t\u00fdm Vino Q<\/p>\n\t\t\t\t\t\t\t\t<\/div>\n\t\t\t\t<\/div>\n\t\t\t\t\t<\/div>\n\t\t<\/div>\n\t\t\t\t\t<\/div>\n\t\t<\/section>\n\t\t\t\t<section class=\"elementor-section elementor-top-section elementor-element elementor-element-878fe3f elementor-section-boxed elementor-section-height-default elementor-section-height-default\" data-id=\"878fe3f\" data-element_type=\"section\" data-e-type=\"section\">\n\t\t\t\t\t\t<div class=\"elementor-container elementor-column-gap-default\">\n\t\t\t\t\t<div class=\"elementor-column elementor-col-100 elementor-top-column elementor-element elementor-element-e7b1798\" data-id=\"e7b1798\" data-element_type=\"column\" data-e-type=\"column\">\n\t\t\t<div class=\"elementor-widget-wrap\">\n\t\t\t\t\t\t\t<\/div>\n\t\t<\/div>\n\t\t\t\t\t<\/div>\n\t\t<\/section>\n\t\t\t\t<section class=\"elementor-section elementor-top-section elementor-element elementor-element-51ee11f2 elementor-section-stretched elementor-section-boxed elementor-section-height-default elementor-section-height-default\" data-id=\"51ee11f2\" data-element_type=\"section\" data-e-type=\"section\" data-settings=\"{&quot;stretch_section&quot;:&quot;section-stretched&quot;,&quot;background_background&quot;:&quot;classic&quot;}\">\n\t\t\t\t\t\t<div class=\"elementor-container elementor-column-gap-default\">\n\t\t\t\t\t<div class=\"elementor-column elementor-col-100 elementor-top-column elementor-element elementor-element-1691f160\" data-id=\"1691f160\" data-element_type=\"column\" data-e-type=\"column\">\n\t\t\t<div class=\"elementor-widget-wrap elementor-element-populated\">\n\t\t\t\t\t\t<div class=\"elementor-element elementor-element-24b4332f elementor-widget elementor-widget-spacer\" data-id=\"24b4332f\" data-element_type=\"widget\" data-e-type=\"widget\" data-widget_type=\"spacer.default\">\n\t\t\t\t<div class=\"elementor-widget-container\">\n\t\t\t\t\t\t\t<div class=\"elementor-spacer\">\n\t\t\t<div class=\"elementor-spacer-inner\"><\/div>\n\t\t<\/div>\n\t\t\t\t\t\t<\/div>\n\t\t\t\t<\/div>\n\t\t\t\t<div class=\"elementor-element elementor-element-348c4f7c elementor-widget elementor-widget-spacer\" data-id=\"348c4f7c\" data-element_type=\"widget\" data-e-type=\"widget\" data-widget_type=\"spacer.default\">\n\t\t\t\t<div class=\"elementor-widget-container\">\n\t\t\t\t\t\t\t<div class=\"elementor-spacer\">\n\t\t\t<div class=\"elementor-spacer-inner\"><\/div>\n\t\t<\/div>\n\t\t\t\t\t\t<\/div>\n\t\t\t\t<\/div>\n\t\t\t\t\t<\/div>\n\t\t<\/div>\n\t\t\t\t\t<\/div>\n\t\t<\/section>\n\t\t\t\t<\/div>\n\t\t","protected":false},"excerpt":{"rendered":"<p>T\u011b\u0161\u00ed n\u00e1s, \u017ee chcete p\u0159ijet D\u011bkujeme za va\u0161i popt\u00e1vku pobytu! Obdr\u017eeli jsme va\u0161i \u017e\u00e1dost o rezervaci a zkontrolujeme, zda jsou k dispozici voln\u00e9 pokoje. Ozveme se v\u00e1m obratem zp\u011bt. V\u00e1\u0161 t\u00fdm Vino Q<\/p>\n","protected":false},"author":1,"featured_media":0,"parent":0,"menu_order":0,"comment_status":"closed","ping_status":"closed","template":"","meta":{"footnotes":""},"class_list":["post-6554","page","type-page","status-publish","hentry"],"yoast_head":"<!-- This site is optimized with the Yoast SEO plugin v26.8 - https:\/\/yoast.com\/product\/yoast-seo-wordpress\/ -->\n<title>Popt\u00e1vka - D\u011bkujeme - Vino Q Hotel Mistelbach<\/title>\n<meta name=\"robots\" content=\"index, follow, max-snippet:-1, max-image-preview:large, max-video-preview:-1\" \/>\n<link rel=\"canonical\" href=\"https:\/\/mistelbach.vinoq.at\/anfrage-danke\/\" \/>\n<meta property=\"og:locale\" content=\"cs_CZ\" \/>\n<meta property=\"og:type\" content=\"article\" \/>\n<meta property=\"og:title\" content=\"Popt\u00e1vka - D\u011bkujeme - Vino Q Hotel Mistelbach\" \/>\n<meta property=\"og:description\" content=\"T\u011b\u0161\u00ed n\u00e1s, \u017ee chcete p\u0159ijet D\u011bkujeme za va\u0161i popt\u00e1vku pobytu! Obdr\u017eeli jsme va\u0161i \u017e\u00e1dost o rezervaci a zkontrolujeme, zda jsou k dispozici voln\u00e9 pokoje. Ozveme se v\u00e1m obratem zp\u011bt. V\u00e1\u0161 t\u00fdm Vino Q\" \/>\n<meta property=\"og:url\" content=\"https:\/\/mistelbach.vinoq.at\/anfrage-danke\/\" \/>\n<meta property=\"og:site_name\" content=\"Vino Q Hotel Mistelbach\" \/>\n<meta property=\"article:modified_time\" content=\"2023-07-27T11:29:17+00:00\" \/>\n<meta name=\"twitter:card\" content=\"summary_large_image\" \/>\n<meta name=\"twitter:label1\" content=\"Odhadovan\u00e1 doba \u010dten\u00ed\" \/>\n\t<meta name=\"twitter:data1\" content=\"1 minuta\" \/>\n<script type=\"application\/ld+json\" class=\"yoast-schema-graph\">{\"@context\":\"https:\/\/schema.org\",\"@graph\":[{\"@type\":\"WebPage\",\"@id\":\"https:\/\/mistelbach.vinoq.at\/anfrage-danke\/\",\"url\":\"https:\/\/mistelbach.vinoq.at\/anfrage-danke\/\",\"name\":\"Popt\u00e1vka - D\u011bkujeme - Vino Q Hotel Mistelbach\",\"isPartOf\":{\"@id\":\"https:\/\/mistelbach.vinoq.at\/#website\"},\"datePublished\":\"2022-05-02T06:12:43+00:00\",\"dateModified\":\"2023-07-27T11:29:17+00:00\",\"breadcrumb\":{\"@id\":\"https:\/\/mistelbach.vinoq.at\/anfrage-danke\/#breadcrumb\"},\"inLanguage\":\"cs\",\"potentialAction\":[{\"@type\":\"ReadAction\",\"target\":[\"https:\/\/mistelbach.vinoq.at\/anfrage-danke\/\"]}]},{\"@type\":\"BreadcrumbList\",\"@id\":\"https:\/\/mistelbach.vinoq.at\/anfrage-danke\/#breadcrumb\",\"itemListElement\":[{\"@type\":\"ListItem\",\"position\":1,\"name\":\"Startseite\",\"item\":\"https:\/\/mistelbach.vinoq.at\/cs\/\"},{\"@type\":\"ListItem\",\"position\":2,\"name\":\"Popt\u00e1vka &#8211; D\u011bkujeme\"}]},{\"@type\":\"WebSite\",\"@id\":\"https:\/\/mistelbach.vinoq.at\/#website\",\"url\":\"https:\/\/mistelbach.vinoq.at\/\",\"name\":\"Vino Q Hotel in Mistelbach\",\"description\":\"Das Self-Check-In Hotel im Weinviertel in Nieder\u00f6sterreich\",\"potentialAction\":[{\"@type\":\"SearchAction\",\"target\":{\"@type\":\"EntryPoint\",\"urlTemplate\":\"https:\/\/mistelbach.vinoq.at\/?s={search_term_string}\"},\"query-input\":{\"@type\":\"PropertyValueSpecification\",\"valueRequired\":true,\"valueName\":\"search_term_string\"}}],\"inLanguage\":\"cs\"}]}<\/script>\n<!-- \/ Yoast SEO plugin. -->","yoast_head_json":{"title":"Popt\u00e1vka - D\u011bkujeme - Vino Q Hotel Mistelbach","robots":{"index":"index","follow":"follow","max-snippet":"max-snippet:-1","max-image-preview":"max-image-preview:large","max-video-preview":"max-video-preview:-1"},"canonical":"https:\/\/mistelbach.vinoq.at\/anfrage-danke\/","og_locale":"cs_CZ","og_type":"article","og_title":"Popt\u00e1vka - D\u011bkujeme - Vino Q Hotel Mistelbach","og_description":"T\u011b\u0161\u00ed n\u00e1s, \u017ee chcete p\u0159ijet D\u011bkujeme za va\u0161i popt\u00e1vku pobytu! Obdr\u017eeli jsme va\u0161i \u017e\u00e1dost o rezervaci a zkontrolujeme, zda jsou k dispozici voln\u00e9 pokoje. Ozveme se v\u00e1m obratem zp\u011bt. V\u00e1\u0161 t\u00fdm Vino Q","og_url":"https:\/\/mistelbach.vinoq.at\/anfrage-danke\/","og_site_name":"Vino Q Hotel Mistelbach","article_modified_time":"2023-07-27T11:29:17+00:00","twitter_card":"summary_large_image","twitter_misc":{"Odhadovan\u00e1 doba \u010dten\u00ed":"1 minuta"},"schema":{"@context":"https:\/\/schema.org","@graph":[{"@type":"WebPage","@id":"https:\/\/mistelbach.vinoq.at\/anfrage-danke\/","url":"https:\/\/mistelbach.vinoq.at\/anfrage-danke\/","name":"Popt\u00e1vka - D\u011bkujeme - Vino Q Hotel Mistelbach","isPartOf":{"@id":"https:\/\/mistelbach.vinoq.at\/#website"},"datePublished":"2022-05-02T06:12:43+00:00","dateModified":"2023-07-27T11:29:17+00:00","breadcrumb":{"@id":"https:\/\/mistelbach.vinoq.at\/anfrage-danke\/#breadcrumb"},"inLanguage":"cs","potentialAction":[{"@type":"ReadAction","target":["https:\/\/mistelbach.vinoq.at\/anfrage-danke\/"]}]},{"@type":"BreadcrumbList","@id":"https:\/\/mistelbach.vinoq.at\/anfrage-danke\/#breadcrumb","itemListElement":[{"@type":"ListItem","position":1,"name":"Startseite","item":"https:\/\/mistelbach.vinoq.at\/cs\/"},{"@type":"ListItem","position":2,"name":"Popt\u00e1vka &#8211; D\u011bkujeme"}]},{"@type":"WebSite","@id":"https:\/\/mistelbach.vinoq.at\/#website","url":"https:\/\/mistelbach.vinoq.at\/","name":"Vino Q Hotel in Mistelbach","description":"Das Self-Check-In Hotel im Weinviertel in Nieder\u00f6sterreich","potentialAction":[{"@type":"SearchAction","target":{"@type":"EntryPoint","urlTemplate":"https:\/\/mistelbach.vinoq.at\/?s={search_term_string}"},"query-input":{"@type":"PropertyValueSpecification","valueRequired":true,"valueName":"search_term_string"}}],"inLanguage":"cs"}]}},"_links":{"self":[{"href":"https:\/\/mistelbach.vinoq.at\/cs\/wp-json\/wp\/v2\/pages\/6554","targetHints":{"allow":["GET"]}}],"collection":[{"href":"https:\/\/mistelbach.vinoq.at\/cs\/wp-json\/wp\/v2\/pages"}],"about":[{"href":"https:\/\/mistelbach.vinoq.at\/cs\/wp-json\/wp\/v2\/types\/page"}],"author":[{"embeddable":true,"href":"https:\/\/mistelbach.vinoq.at\/cs\/wp-json\/wp\/v2\/users\/1"}],"replies":[{"embeddable":true,"href":"https:\/\/mistelbach.vinoq.at\/cs\/wp-json\/wp\/v2\/comments?post=6554"}],"version-history":[{"count":8,"href":"https:\/\/mistelbach.vinoq.at\/cs\/wp-json\/wp\/v2\/pages\/6554\/revisions"}],"predecessor-version":[{"id":9330,"href":"https:\/\/mistelbach.vinoq.at\/cs\/wp-json\/wp\/v2\/pages\/6554\/revisions\/9330"}],"wp:attachment":[{"href":"https:\/\/mistelbach.vinoq.at\/cs\/wp-json\/wp\/v2\/media?parent=6554"}],"curies":[{"name":"wp","href":"https:\/\/api.w.org\/{rel}","templated":true}]}}