{"id":6556,"date":"2022-05-02T08:10:01","date_gmt":"2022-05-02T06:10:01","guid":{"rendered":"https:\/\/mistelbach.vinoq.at\/rezervace-dekujeme\/"},"modified":"2023-07-27T13:29:27","modified_gmt":"2023-07-27T11:29:27","slug":"rezervace_dekujeme","status":"publish","type":"page","link":"https:\/\/mistelbach.vinoq.at\/cs\/rezervace_dekujeme\/","title":{"rendered":"Rezervace \u2013 D\u011bkujeme"},"content":{"rendered":"\t\t<div data-elementor-type=\"wp-post\" data-elementor-id=\"6556\" class=\"elementor elementor-6556 elementor-5050\">\n\t\t\t\t\t\t<section class=\"elementor-section elementor-top-section elementor-element elementor-element-9f87fb7 wgl-add-background-text elementor-section-boxed elementor-section-height-default elementor-section-height-default wgl-animation-background-text\" data-id=\"9f87fb7\" data-element_type=\"section\" data-e-type=\"section\">\n\t\t\t\t\t\t<div class=\"elementor-container elementor-column-gap-default\">\n\t\t\t\t\t<div class=\"elementor-column elementor-col-100 elementor-top-column elementor-element elementor-element-29e9b30\" data-id=\"29e9b30\" data-element_type=\"column\" data-e-type=\"column\">\n\t\t\t<div class=\"elementor-widget-wrap elementor-element-populated\">\n\t\t\t\t\t\t<div class=\"elementor-element elementor-element-7d607ee elementor-widget elementor-widget-spacer\" data-id=\"7d607ee\" data-element_type=\"widget\" data-e-type=\"widget\" data-widget_type=\"spacer.default\">\n\t\t\t\t<div class=\"elementor-widget-container\">\n\t\t\t\t\t\t\t<div class=\"elementor-spacer\">\n\t\t\t<div class=\"elementor-spacer-inner\"><\/div>\n\t\t<\/div>\n\t\t\t\t\t\t<\/div>\n\t\t\t\t<\/div>\n\t\t\t\t<div class=\"elementor-element elementor-element-127c86a elementor-widget elementor-widget-heading\" data-id=\"127c86a\" data-element_type=\"widget\" data-e-type=\"widget\" data-widget_type=\"heading.default\">\n\t\t\t\t<div class=\"elementor-widget-container\">\n\t\t\t\t\t<h2 class=\"elementor-heading-title elementor-size-default\">Ka\u017ed\u00fd z na\u0161ich pokoj\u016f je<\/h2>\t\t\t\t<\/div>\n\t\t\t\t<\/div>\n\t\t\t\t<div class=\"elementor-element elementor-element-268544e elementor-widget elementor-widget-heading\" data-id=\"268544e\" data-element_type=\"widget\" data-e-type=\"widget\" data-widget_type=\"heading.default\">\n\t\t\t\t<div class=\"elementor-widget-container\">\n\t\t\t\t\t<h3 class=\"elementor-heading-title elementor-size-default\">DOBR\u00c1 VOLBA<\/h3>\t\t\t\t<\/div>\n\t\t\t\t<\/div>\n\t\t\t\t<div class=\"elementor-element elementor-element-426ddde elementor-widget elementor-widget-spacer\" data-id=\"426ddde\" data-element_type=\"widget\" data-e-type=\"widget\" data-widget_type=\"spacer.default\">\n\t\t\t\t<div class=\"elementor-widget-container\">\n\t\t\t\t\t\t\t<div class=\"elementor-spacer\">\n\t\t\t<div class=\"elementor-spacer-inner\"><\/div>\n\t\t<\/div>\n\t\t\t\t\t\t<\/div>\n\t\t\t\t<\/div>\n\t\t\t\t\t<\/div>\n\t\t<\/div>\n\t\t\t\t\t<\/div>\n\t\t<\/section>\n\t\t\t\t<section class=\"elementor-section elementor-top-section elementor-element elementor-element-bf64770 elementor-section-boxed elementor-section-height-default elementor-section-height-default\" data-id=\"bf64770\" data-element_type=\"section\" data-e-type=\"section\">\n\t\t\t\t\t\t<div class=\"elementor-container elementor-column-gap-default\">\n\t\t\t\t\t<div class=\"elementor-column elementor-col-100 elementor-top-column elementor-element elementor-element-3592369\" data-id=\"3592369\" data-element_type=\"column\" data-e-type=\"column\">\n\t\t\t<div class=\"elementor-widget-wrap elementor-element-populated\">\n\t\t\t\t\t\t<div class=\"elementor-element elementor-element-17db0c6 elementor-widget elementor-widget-text-editor\" data-id=\"17db0c6\" data-element_type=\"widget\" data-e-type=\"widget\" data-widget_type=\"text-editor.default\">\n\t\t\t\t<div class=\"elementor-widget-container\">\n\t\t\t\t\t\t\t\t\t<p><strong>T\u011b\u0161\u00edme se na v\u00e1s!<\/strong><\/p>\n<p>D\u011bkujeme za va\u0161i rezervaci! Za p\u00e1r minut obdr\u017e\u00edte e-mailem potvrzen\u00ed rezervace, ve kter\u00e9m si m\u016f\u017eete je\u0161t\u011b jednou p\u0159e\u010d\u00edst souhrnn\u00e9 informace o va\u0161\u00ed rezervaci.<\/p>\n<p>V\u00e1\u0161 t\u00fdm Vino Q<\/p>\n\t\t\t\t\t\t\t\t<\/div>\n\t\t\t\t<\/div>\n\t\t\t\t<div class=\"elementor-element elementor-element-08f576f elementor-widget elementor-widget-spacer\" data-id=\"08f576f\" data-element_type=\"widget\" data-e-type=\"widget\" data-widget_type=\"spacer.default\">\n\t\t\t\t<div class=\"elementor-widget-container\">\n\t\t\t\t\t\t\t<div class=\"elementor-spacer\">\n\t\t\t<div class=\"elementor-spacer-inner\"><\/div>\n\t\t<\/div>\n\t\t\t\t\t\t<\/div>\n\t\t\t\t<\/div>\n\t\t\t\t<div class=\"elementor-element elementor-element-324856b elementor-widget elementor-widget-spacer\" data-id=\"324856b\" data-element_type=\"widget\" data-e-type=\"widget\" data-widget_type=\"spacer.default\">\n\t\t\t\t<div class=\"elementor-widget-container\">\n\t\t\t\t\t\t\t<div class=\"elementor-spacer\">\n\t\t\t<div class=\"elementor-spacer-inner\"><\/div>\n\t\t<\/div>\n\t\t\t\t\t\t<\/div>\n\t\t\t\t<\/div>\n\t\t\t\t\t<\/div>\n\t\t<\/div>\n\t\t\t\t\t<\/div>\n\t\t<\/section>\n\t\t\t\t<section class=\"elementor-section elementor-top-section elementor-element elementor-element-17eb030c elementor-section-stretched elementor-section-boxed elementor-section-height-default elementor-section-height-default\" data-id=\"17eb030c\" data-element_type=\"section\" data-e-type=\"section\" data-settings=\"{&quot;stretch_section&quot;:&quot;section-stretched&quot;,&quot;background_background&quot;:&quot;classic&quot;}\">\n\t\t\t\t\t\t<div class=\"elementor-container elementor-column-gap-default\">\n\t\t\t\t\t<div class=\"elementor-column elementor-col-100 elementor-top-column elementor-element elementor-element-20ecb0d0\" data-id=\"20ecb0d0\" data-element_type=\"column\" data-e-type=\"column\">\n\t\t\t<div class=\"elementor-widget-wrap elementor-element-populated\">\n\t\t\t\t\t\t<div class=\"elementor-element elementor-element-633dc05e elementor-widget elementor-widget-spacer\" data-id=\"633dc05e\" data-element_type=\"widget\" data-e-type=\"widget\" data-widget_type=\"spacer.default\">\n\t\t\t\t<div class=\"elementor-widget-container\">\n\t\t\t\t\t\t\t<div class=\"elementor-spacer\">\n\t\t\t<div class=\"elementor-spacer-inner\"><\/div>\n\t\t<\/div>\n\t\t\t\t\t\t<\/div>\n\t\t\t\t<\/div>\n\t\t\t\t<div class=\"elementor-element elementor-element-2bfdd727 elementor-widget elementor-widget-spacer\" data-id=\"2bfdd727\" data-element_type=\"widget\" data-e-type=\"widget\" data-widget_type=\"spacer.default\">\n\t\t\t\t<div class=\"elementor-widget-container\">\n\t\t\t\t\t\t\t<div class=\"elementor-spacer\">\n\t\t\t<div class=\"elementor-spacer-inner\"><\/div>\n\t\t<\/div>\n\t\t\t\t\t\t<\/div>\n\t\t\t\t<\/div>\n\t\t\t\t\t<\/div>\n\t\t<\/div>\n\t\t\t\t\t<\/div>\n\t\t<\/section>\n\t\t\t\t<\/div>\n\t\t","protected":false},"excerpt":{"rendered":"<p>Ka\u017ed\u00fd z na\u0161ich pokoj\u016f je DOBR\u00c1 VOLBA T\u011b\u0161\u00edme se na v\u00e1s! D\u011bkujeme za va\u0161i rezervaci! Za p\u00e1r minut obdr\u017e\u00edte e-mailem potvrzen\u00ed rezervace, ve kter\u00e9m si m\u016f\u017eete je\u0161t\u011b jednou p\u0159e\u010d\u00edst souhrnn\u00e9 informace o va\u0161\u00ed rezervaci. V\u00e1\u0161 t\u00fdm Vino Q<\/p>\n","protected":false},"author":1,"featured_media":0,"parent":0,"menu_order":0,"comment_status":"closed","ping_status":"closed","template":"","meta":{"footnotes":""},"class_list":["post-6556","page","type-page","status-publish","hentry"],"yoast_head":"<!-- This site is optimized with the Yoast SEO plugin v26.8 - https:\/\/yoast.com\/product\/yoast-seo-wordpress\/ -->\n<title>Rezervace \u2013 D\u011bkujeme - Vino Q Hotel Mistelbach<\/title>\n<meta name=\"robots\" content=\"index, follow, max-snippet:-1, max-image-preview:large, max-video-preview:-1\" \/>\n<link rel=\"canonical\" href=\"https:\/\/mistelbach.vinoq.at\/buchen-danke\/\" \/>\n<meta property=\"og:locale\" content=\"cs_CZ\" \/>\n<meta property=\"og:type\" content=\"article\" \/>\n<meta property=\"og:title\" content=\"Rezervace \u2013 D\u011bkujeme - Vino Q Hotel Mistelbach\" \/>\n<meta property=\"og:description\" content=\"Ka\u017ed\u00fd z na\u0161ich pokoj\u016f je DOBR\u00c1 VOLBA T\u011b\u0161\u00edme se na v\u00e1s! D\u011bkujeme za va\u0161i rezervaci! Za p\u00e1r minut obdr\u017e\u00edte e-mailem potvrzen\u00ed rezervace, ve kter\u00e9m si m\u016f\u017eete je\u0161t\u011b jednou p\u0159e\u010d\u00edst souhrnn\u00e9 informace o va\u0161\u00ed rezervaci. V\u00e1\u0161 t\u00fdm Vino Q\" \/>\n<meta property=\"og:url\" content=\"https:\/\/mistelbach.vinoq.at\/buchen-danke\/\" \/>\n<meta property=\"og:site_name\" content=\"Vino Q Hotel Mistelbach\" \/>\n<meta property=\"article:modified_time\" content=\"2023-07-27T11:29:27+00:00\" \/>\n<meta name=\"twitter:card\" content=\"summary_large_image\" \/>\n<meta name=\"twitter:label1\" content=\"Odhadovan\u00e1 doba \u010dten\u00ed\" \/>\n\t<meta name=\"twitter:data1\" content=\"1 minuta\" \/>\n<script type=\"application\/ld+json\" class=\"yoast-schema-graph\">{\"@context\":\"https:\/\/schema.org\",\"@graph\":[{\"@type\":\"WebPage\",\"@id\":\"https:\/\/mistelbach.vinoq.at\/buchen-danke\/\",\"url\":\"https:\/\/mistelbach.vinoq.at\/buchen-danke\/\",\"name\":\"Rezervace \u2013 D\u011bkujeme - Vino Q Hotel Mistelbach\",\"isPartOf\":{\"@id\":\"https:\/\/mistelbach.vinoq.at\/#website\"},\"datePublished\":\"2022-05-02T06:10:01+00:00\",\"dateModified\":\"2023-07-27T11:29:27+00:00\",\"breadcrumb\":{\"@id\":\"https:\/\/mistelbach.vinoq.at\/buchen-danke\/#breadcrumb\"},\"inLanguage\":\"cs\",\"potentialAction\":[{\"@type\":\"ReadAction\",\"target\":[\"https:\/\/mistelbach.vinoq.at\/buchen-danke\/\"]}]},{\"@type\":\"BreadcrumbList\",\"@id\":\"https:\/\/mistelbach.vinoq.at\/buchen-danke\/#breadcrumb\",\"itemListElement\":[{\"@type\":\"ListItem\",\"position\":1,\"name\":\"Startseite\",\"item\":\"https:\/\/mistelbach.vinoq.at\/cs\/\"},{\"@type\":\"ListItem\",\"position\":2,\"name\":\"Rezervace \u2013 D\u011bkujeme\"}]},{\"@type\":\"WebSite\",\"@id\":\"https:\/\/mistelbach.vinoq.at\/#website\",\"url\":\"https:\/\/mistelbach.vinoq.at\/\",\"name\":\"Vino Q Hotel in Mistelbach\",\"description\":\"Das Self-Check-In Hotel im Weinviertel in Nieder\u00f6sterreich\",\"potentialAction\":[{\"@type\":\"SearchAction\",\"target\":{\"@type\":\"EntryPoint\",\"urlTemplate\":\"https:\/\/mistelbach.vinoq.at\/?s={search_term_string}\"},\"query-input\":{\"@type\":\"PropertyValueSpecification\",\"valueRequired\":true,\"valueName\":\"search_term_string\"}}],\"inLanguage\":\"cs\"}]}<\/script>\n<!-- \/ Yoast SEO plugin. -->","yoast_head_json":{"title":"Rezervace \u2013 D\u011bkujeme - Vino Q Hotel Mistelbach","robots":{"index":"index","follow":"follow","max-snippet":"max-snippet:-1","max-image-preview":"max-image-preview:large","max-video-preview":"max-video-preview:-1"},"canonical":"https:\/\/mistelbach.vinoq.at\/buchen-danke\/","og_locale":"cs_CZ","og_type":"article","og_title":"Rezervace \u2013 D\u011bkujeme - Vino Q Hotel Mistelbach","og_description":"Ka\u017ed\u00fd z na\u0161ich pokoj\u016f je DOBR\u00c1 VOLBA T\u011b\u0161\u00edme se na v\u00e1s! D\u011bkujeme za va\u0161i rezervaci! Za p\u00e1r minut obdr\u017e\u00edte e-mailem potvrzen\u00ed rezervace, ve kter\u00e9m si m\u016f\u017eete je\u0161t\u011b jednou p\u0159e\u010d\u00edst souhrnn\u00e9 informace o va\u0161\u00ed rezervaci. V\u00e1\u0161 t\u00fdm Vino Q","og_url":"https:\/\/mistelbach.vinoq.at\/buchen-danke\/","og_site_name":"Vino Q Hotel Mistelbach","article_modified_time":"2023-07-27T11:29:27+00:00","twitter_card":"summary_large_image","twitter_misc":{"Odhadovan\u00e1 doba \u010dten\u00ed":"1 minuta"},"schema":{"@context":"https:\/\/schema.org","@graph":[{"@type":"WebPage","@id":"https:\/\/mistelbach.vinoq.at\/buchen-danke\/","url":"https:\/\/mistelbach.vinoq.at\/buchen-danke\/","name":"Rezervace \u2013 D\u011bkujeme - Vino Q Hotel Mistelbach","isPartOf":{"@id":"https:\/\/mistelbach.vinoq.at\/#website"},"datePublished":"2022-05-02T06:10:01+00:00","dateModified":"2023-07-27T11:29:27+00:00","breadcrumb":{"@id":"https:\/\/mistelbach.vinoq.at\/buchen-danke\/#breadcrumb"},"inLanguage":"cs","potentialAction":[{"@type":"ReadAction","target":["https:\/\/mistelbach.vinoq.at\/buchen-danke\/"]}]},{"@type":"BreadcrumbList","@id":"https:\/\/mistelbach.vinoq.at\/buchen-danke\/#breadcrumb","itemListElement":[{"@type":"ListItem","position":1,"name":"Startseite","item":"https:\/\/mistelbach.vinoq.at\/cs\/"},{"@type":"ListItem","position":2,"name":"Rezervace \u2013 D\u011bkujeme"}]},{"@type":"WebSite","@id":"https:\/\/mistelbach.vinoq.at\/#website","url":"https:\/\/mistelbach.vinoq.at\/","name":"Vino Q Hotel in Mistelbach","description":"Das Self-Check-In Hotel im Weinviertel in Nieder\u00f6sterreich","potentialAction":[{"@type":"SearchAction","target":{"@type":"EntryPoint","urlTemplate":"https:\/\/mistelbach.vinoq.at\/?s={search_term_string}"},"query-input":{"@type":"PropertyValueSpecification","valueRequired":true,"valueName":"search_term_string"}}],"inLanguage":"cs"}]}},"_links":{"self":[{"href":"https:\/\/mistelbach.vinoq.at\/cs\/wp-json\/wp\/v2\/pages\/6556","targetHints":{"allow":["GET"]}}],"collection":[{"href":"https:\/\/mistelbach.vinoq.at\/cs\/wp-json\/wp\/v2\/pages"}],"about":[{"href":"https:\/\/mistelbach.vinoq.at\/cs\/wp-json\/wp\/v2\/types\/page"}],"author":[{"embeddable":true,"href":"https:\/\/mistelbach.vinoq.at\/cs\/wp-json\/wp\/v2\/users\/1"}],"replies":[{"embeddable":true,"href":"https:\/\/mistelbach.vinoq.at\/cs\/wp-json\/wp\/v2\/comments?post=6556"}],"version-history":[{"count":8,"href":"https:\/\/mistelbach.vinoq.at\/cs\/wp-json\/wp\/v2\/pages\/6556\/revisions"}],"predecessor-version":[{"id":9332,"href":"https:\/\/mistelbach.vinoq.at\/cs\/wp-json\/wp\/v2\/pages\/6556\/revisions\/9332"}],"wp:attachment":[{"href":"https:\/\/mistelbach.vinoq.at\/cs\/wp-json\/wp\/v2\/media?parent=6556"}],"curies":[{"name":"wp","href":"https:\/\/api.w.org\/{rel}","templated":true}]}}